{"id":58,"date":"2025-10-03T11:59:35","date_gmt":"2025-10-03T02:59:35","guid":{"rendered":"https:\/\/ryubofoodhall.jp\/de\/?page_id=58"},"modified":"2025-10-03T11:59:36","modified_gmt":"2025-10-03T02:59:36","slug":"contact","status":"publish","type":"page","link":"https:\/\/ryubofoodhall.jp\/de\/contact\/","title":{"rendered":"KONTAKT"},"content":{"rendered":"\n<div class=\"w1100 ml-a mr-a\">\n<div class=\"ttl\">\n<h2>Anfragen und Gruppenreservierungen sind jederzeit willkommen<\/h2>\n<p>KONTAKT<\/p>\n<\/div>\n\n<p>Damit alle Besucher eine noch angenehmere und unterhaltsamere Zeit verbringen k\u00f6nnen, arbeiten wir t\u00e4glich daran, die Qualit\u00e4t unserer Dienstleistungen zu verbessern. Wenn Sie Fragen zum Zugang zur Food Hall, zu den Einrichtungen, den \u00d6ffnungszeiten oder zur Nutzung der mobilen Bestellung haben, z\u00f6gern Sie bitte nicht, uns zu kontaktieren. Wir nehmen auch Gruppenbesuche und die Nutzung von Privatr\u00e4umen entgegen. Unser zust\u00e4ndiges Personal wird sich um Sie k\u00fcmmern.<\/p>\n\n<\/div>\n\n\n\n<div style=\"height:100px\" aria-hidden=\"true\" class=\"wp-block-spacer\"><\/div>\n","protected":false},"excerpt":{"rendered":"<p>Anfragen und Gruppenreservierungen sind jederzeit willkommen KONTAKT Damit alle Besucher eine noch angenehmere und unterhaltsamere Zeit verbringen k\u00f6nnen, arbeiten wir t\u00e4glich daran, die Qualit\u00e4t unserer Dienstleistungen zu verbessern. Wenn Sie Fragen zum Zugang zur Food Hall, zu den Einrichtungen, den \u00d6ffnungszeiten oder zur Nutzung der mobilen Bestellung haben, z\u00f6gern Sie bitte nicht, uns zu kontaktieren. [&hellip;]<\/p>\n","protected":false},"author":1,"featured_media":0,"parent":0,"menu_order":0,"comment_status":"closed","ping_status":"closed","template":"page-landing.php","meta":{"_acf_changed":false,"footnotes":""},"class_list":["post-58","page","type-page","status-publish","hentry"],"acf":[],"yoast_head":"<!-- This site is optimized with the Yoast SEO plugin v26.4 - https:\/\/yoast.com\/wordpress\/plugins\/seo\/ -->\n<title>KONTAKT | Zum Mittag- und Abendessen in Naha empfehlen wir das offizielle Restaurant Ryubo Food Hall.<\/title>\n<meta name=\"robots\" content=\"index, follow, max-snippet:-1, max-image-preview:large, max-video-preview:-1\" \/>\n<link rel=\"canonical\" href=\"https:\/\/ryubofoodhall.jp\/de\/contact\/\" \/>\n<meta property=\"og:locale\" content=\"de_DE\" \/>\n<meta property=\"og:type\" content=\"article\" \/>\n<meta property=\"og:title\" content=\"KONTAKT | Zum Mittag- und Abendessen in Naha empfehlen wir das offizielle Restaurant Ryubo Food Hall.\" \/>\n<meta property=\"og:description\" content=\"Anfragen und Gruppenreservierungen sind jederzeit willkommen KONTAKT Damit alle Besucher eine noch angenehmere und unterhaltsamere Zeit verbringen k\u00f6nnen, arbeiten wir t\u00e4glich daran, die Qualit\u00e4t unserer Dienstleistungen zu verbessern. Wenn Sie Fragen zum Zugang zur Food Hall, zu den Einrichtungen, den \u00d6ffnungszeiten oder zur Nutzung der mobilen Bestellung haben, z\u00f6gern Sie bitte nicht, uns zu kontaktieren. [&hellip;]\" \/>\n<meta property=\"og:url\" content=\"https:\/\/ryubofoodhall.jp\/de\/contact\/\" \/>\n<meta property=\"og:site_name\" content=\"Zum Mittag- und Abendessen in Naha empfehlen wir das offizielle Restaurant Ryubo Food Hall.\" \/>\n<meta property=\"article:modified_time\" content=\"2025-10-03T02:59:36+00:00\" \/>\n<meta name=\"twitter:card\" content=\"summary_large_image\" \/>\n<meta name=\"twitter:label1\" content=\"Gesch\u00e4tzte Lesezeit\" \/>\n\t<meta name=\"twitter:data1\" content=\"1\u00a0Minute\" \/>\n<script type=\"application\/ld+json\" class=\"yoast-schema-graph\">{\"@context\":\"https:\/\/schema.org\",\"@graph\":[{\"@type\":\"WebPage\",\"@id\":\"https:\/\/ryubofoodhall.jp\/de\/contact\/\",\"url\":\"https:\/\/ryubofoodhall.jp\/de\/contact\/\",\"name\":\"KONTAKT | Zum Mittag- und Abendessen in Naha empfehlen wir das offizielle Restaurant Ryubo Food Hall.\",\"isPartOf\":{\"@id\":\"https:\/\/ryubofoodhall.jp\/de\/#website\"},\"datePublished\":\"2025-10-03T02:59:35+00:00\",\"dateModified\":\"2025-10-03T02:59:36+00:00\",\"breadcrumb\":{\"@id\":\"https:\/\/ryubofoodhall.jp\/de\/contact\/#breadcrumb\"},\"inLanguage\":\"de\",\"potentialAction\":[{\"@type\":\"ReadAction\",\"target\":[\"https:\/\/ryubofoodhall.jp\/de\/contact\/\"]}]},{\"@type\":\"BreadcrumbList\",\"@id\":\"https:\/\/ryubofoodhall.jp\/de\/contact\/#breadcrumb\",\"itemListElement\":[{\"@type\":\"ListItem\",\"position\":1,\"name\":\"\u30db\u30fc\u30e0\",\"item\":\"https:\/\/ryubofoodhall.jp\/de\/\"},{\"@type\":\"ListItem\",\"position\":2,\"name\":\"KONTAKT\"}]},{\"@type\":\"WebSite\",\"@id\":\"https:\/\/ryubofoodhall.jp\/de\/#website\",\"url\":\"https:\/\/ryubofoodhall.jp\/de\/\",\"name\":\"Zum Mittag- und Abendessen in Naha empfehlen wir das offizielle Restaurant Ryubo Food Hall.\",\"description\":\"\u90a3\u8987\u306e\u30e9\u30f3\u30c1\u30fb\u30c7\u30a3\u30ca\u30fc\u306fRYUBO FOOD HALL\u3002\u4e2d\u83ef\u3001\u548c\u98df\u3001\u30a4\u30bf\u30ea\u30a2\u30f3\u3001\u30b9\u30da\u30a4\u30f3\u6599\u7406\u3001\u30cf\u30f3\u30d0\u30fc\u30ac\u30fc\u3001\u30af\u30e9\u30d5\u30c8\u30d3\u30fc\u30eb\u3001\u30b9\u30a4\u30fc\u30c4\u306e7\u5c02\u9580\u5e97\u3002\u770c\u5e81\u524d\u99c5\u76f4\u7d50\u3001\u30d1\u30ec\u30c3\u30c8\u304f\u3082\u30582F\u3002\",\"potentialAction\":[{\"@type\":\"SearchAction\",\"target\":{\"@type\":\"EntryPoint\",\"urlTemplate\":\"https:\/\/ryubofoodhall.jp\/de\/?s={search_term_string}\"},\"query-input\":{\"@type\":\"PropertyValueSpecification\",\"valueRequired\":true,\"valueName\":\"search_term_string\"}}],\"inLanguage\":\"de\"}]}<\/script>\n<!-- \/ Yoast SEO plugin. -->","yoast_head_json":{"title":"KONTAKT | Zum Mittag- und Abendessen in Naha empfehlen wir das offizielle Restaurant Ryubo Food Hall.","robots":{"index":"index","follow":"follow","max-snippet":"max-snippet:-1","max-image-preview":"max-image-preview:large","max-video-preview":"max-video-preview:-1"},"canonical":"https:\/\/ryubofoodhall.jp\/de\/contact\/","og_locale":"de_DE","og_type":"article","og_title":"KONTAKT | Zum Mittag- und Abendessen in Naha empfehlen wir das offizielle Restaurant Ryubo Food Hall.","og_description":"Anfragen und Gruppenreservierungen sind jederzeit willkommen KONTAKT Damit alle Besucher eine noch angenehmere und unterhaltsamere Zeit verbringen k\u00f6nnen, arbeiten wir t\u00e4glich daran, die Qualit\u00e4t unserer Dienstleistungen zu verbessern. Wenn Sie Fragen zum Zugang zur Food Hall, zu den Einrichtungen, den \u00d6ffnungszeiten oder zur Nutzung der mobilen Bestellung haben, z\u00f6gern Sie bitte nicht, uns zu kontaktieren. [&hellip;]","og_url":"https:\/\/ryubofoodhall.jp\/de\/contact\/","og_site_name":"Zum Mittag- und Abendessen in Naha empfehlen wir das offizielle Restaurant Ryubo Food Hall.","article_modified_time":"2025-10-03T02:59:36+00:00","twitter_card":"summary_large_image","twitter_misc":{"Gesch\u00e4tzte Lesezeit":"1\u00a0Minute"},"schema":{"@context":"https:\/\/schema.org","@graph":[{"@type":"WebPage","@id":"https:\/\/ryubofoodhall.jp\/de\/contact\/","url":"https:\/\/ryubofoodhall.jp\/de\/contact\/","name":"KONTAKT | Zum Mittag- und Abendessen in Naha empfehlen wir das offizielle Restaurant Ryubo Food Hall.","isPartOf":{"@id":"https:\/\/ryubofoodhall.jp\/de\/#website"},"datePublished":"2025-10-03T02:59:35+00:00","dateModified":"2025-10-03T02:59:36+00:00","breadcrumb":{"@id":"https:\/\/ryubofoodhall.jp\/de\/contact\/#breadcrumb"},"inLanguage":"de","potentialAction":[{"@type":"ReadAction","target":["https:\/\/ryubofoodhall.jp\/de\/contact\/"]}]},{"@type":"BreadcrumbList","@id":"https:\/\/ryubofoodhall.jp\/de\/contact\/#breadcrumb","itemListElement":[{"@type":"ListItem","position":1,"name":"\u30db\u30fc\u30e0","item":"https:\/\/ryubofoodhall.jp\/de\/"},{"@type":"ListItem","position":2,"name":"KONTAKT"}]},{"@type":"WebSite","@id":"https:\/\/ryubofoodhall.jp\/de\/#website","url":"https:\/\/ryubofoodhall.jp\/de\/","name":"Zum Mittag- und Abendessen in Naha empfehlen wir das offizielle Restaurant Ryubo Food Hall.","description":"\u90a3\u8987\u306e\u30e9\u30f3\u30c1\u30fb\u30c7\u30a3\u30ca\u30fc\u306fRYUBO FOOD HALL\u3002\u4e2d\u83ef\u3001\u548c\u98df\u3001\u30a4\u30bf\u30ea\u30a2\u30f3\u3001\u30b9\u30da\u30a4\u30f3\u6599\u7406\u3001\u30cf\u30f3\u30d0\u30fc\u30ac\u30fc\u3001\u30af\u30e9\u30d5\u30c8\u30d3\u30fc\u30eb\u3001\u30b9\u30a4\u30fc\u30c4\u306e7\u5c02\u9580\u5e97\u3002\u770c\u5e81\u524d\u99c5\u76f4\u7d50\u3001\u30d1\u30ec\u30c3\u30c8\u304f\u3082\u30582F\u3002","potentialAction":[{"@type":"SearchAction","target":{"@type":"EntryPoint","urlTemplate":"https:\/\/ryubofoodhall.jp\/de\/?s={search_term_string}"},"query-input":{"@type":"PropertyValueSpecification","valueRequired":true,"valueName":"search_term_string"}}],"inLanguage":"de"}]}},"_links":{"self":[{"href":"https:\/\/ryubofoodhall.jp\/de\/wp-json\/wp\/v2\/pages\/58","targetHints":{"allow":["GET"]}}],"collection":[{"href":"https:\/\/ryubofoodhall.jp\/de\/wp-json\/wp\/v2\/pages"}],"about":[{"href":"https:\/\/ryubofoodhall.jp\/de\/wp-json\/wp\/v2\/types\/page"}],"author":[{"embeddable":true,"href":"https:\/\/ryubofoodhall.jp\/de\/wp-json\/wp\/v2\/users\/1"}],"replies":[{"embeddable":true,"href":"https:\/\/ryubofoodhall.jp\/de\/wp-json\/wp\/v2\/comments?post=58"}],"version-history":[{"count":1,"href":"https:\/\/ryubofoodhall.jp\/de\/wp-json\/wp\/v2\/pages\/58\/revisions"}],"predecessor-version":[{"id":59,"href":"https:\/\/ryubofoodhall.jp\/de\/wp-json\/wp\/v2\/pages\/58\/revisions\/59"}],"wp:attachment":[{"href":"https:\/\/ryubofoodhall.jp\/de\/wp-json\/wp\/v2\/media?parent=58"}],"curies":[{"name":"wp","href":"https:\/\/api.w.org\/{rel}","templated":true}]}}