{"id":56,"date":"2025-10-03T12:03:12","date_gmt":"2025-10-03T03:03:12","guid":{"rendered":"https:\/\/ryubofoodhall.jp\/fr\/?page_id=56"},"modified":"2025-10-03T12:03:12","modified_gmt":"2025-10-03T03:03:12","slug":"contact","status":"publish","type":"page","link":"https:\/\/ryubofoodhall.jp\/fr\/contact\/","title":{"rendered":"CONTACT"},"content":{"rendered":"\n<div class=\"w1100 ml-a mr-a\">\n<div class=\"ttl\">\n<h2>Nous accueillons toujours vos demandes et r\u00e9servations de groupes<\/h2>\n<p>CONTACT<\/p>\n<\/div>\n\n<p>Nous nous effor\u00e7ons chaque jour d\u2019am\u00e9liorer la qualit\u00e9 de nos services afin que tous les visiteurs puissent passer un moment plus confortable et agr\u00e9able. Si vous avez des questions concernant l\u2019acc\u00e8s au Food Hall, les installations, les horaires d\u2019ouverture ou l\u2019utilisation de la commande mobile, n\u2019h\u00e9sitez pas \u00e0 nous contacter. Nous acceptons \u00e9galement les visites de groupes et l\u2019utilisation de salles priv\u00e9es. Notre personnel d\u00e9di\u00e9 se fera un plaisir de vous assister.<\/p>\n\n<\/div>\n\n\n\n<div style=\"height:100px\" aria-hidden=\"true\" class=\"wp-block-spacer\"><\/div>\n","protected":false},"excerpt":{"rendered":"<p>Nous accueillons toujours vos demandes et r\u00e9servations de groupes CONTACT Nous nous effor\u00e7ons chaque jour d\u2019am\u00e9liorer la qualit\u00e9 de nos services afin que tous les visiteurs puissent passer un moment plus confortable et agr\u00e9able. Si vous avez des questions concernant l\u2019acc\u00e8s au Food Hall, les installations, les horaires d\u2019ouverture ou l\u2019utilisation de la commande mobile, [&hellip;]<\/p>\n","protected":false},"author":1,"featured_media":0,"parent":0,"menu_order":0,"comment_status":"closed","ping_status":"closed","template":"page-landing.php","meta":{"_acf_changed":false,"footnotes":""},"class_list":["post-56","page","type-page","status-publish","hentry"],"acf":[],"yoast_head":"<!-- This site is optimized with the Yoast SEO plugin v26.4 - https:\/\/yoast.com\/wordpress\/plugins\/seo\/ -->\n<title>CONTACT | Pour le d\u00e9jeuner et le d\u00eener \u00e0 Naha, nous vous recommandons le restaurant officiel Ryubo Food Hall.<\/title>\n<meta name=\"robots\" content=\"index, follow, max-snippet:-1, max-image-preview:large, max-video-preview:-1\" \/>\n<link rel=\"canonical\" href=\"https:\/\/ryubofoodhall.jp\/fr\/contact\/\" \/>\n<meta property=\"og:locale\" content=\"fr_FR\" \/>\n<meta property=\"og:type\" content=\"article\" \/>\n<meta property=\"og:title\" content=\"CONTACT | Pour le d\u00e9jeuner et le d\u00eener \u00e0 Naha, nous vous recommandons le restaurant officiel Ryubo Food Hall.\" \/>\n<meta property=\"og:description\" content=\"Nous accueillons toujours vos demandes et r\u00e9servations de groupes CONTACT Nous nous effor\u00e7ons chaque jour d\u2019am\u00e9liorer la qualit\u00e9 de nos services afin que tous les visiteurs puissent passer un moment plus confortable et agr\u00e9able. Si vous avez des questions concernant l\u2019acc\u00e8s au Food Hall, les installations, les horaires d\u2019ouverture ou l\u2019utilisation de la commande mobile, [&hellip;]\" \/>\n<meta property=\"og:url\" content=\"https:\/\/ryubofoodhall.jp\/fr\/contact\/\" \/>\n<meta property=\"og:site_name\" content=\"Pour le d\u00e9jeuner et le d\u00eener \u00e0 Naha, nous vous recommandons le restaurant officiel Ryubo Food Hall.\" \/>\n<meta name=\"twitter:card\" content=\"summary_large_image\" \/>\n<meta name=\"twitter:label1\" content=\"Dur\u00e9e de lecture estim\u00e9e\" \/>\n\t<meta name=\"twitter:data1\" content=\"1 minute\" \/>\n<script type=\"application\/ld+json\" class=\"yoast-schema-graph\">{\"@context\":\"https:\/\/schema.org\",\"@graph\":[{\"@type\":\"WebPage\",\"@id\":\"https:\/\/ryubofoodhall.jp\/fr\/contact\/\",\"url\":\"https:\/\/ryubofoodhall.jp\/fr\/contact\/\",\"name\":\"CONTACT | Pour le d\u00e9jeuner et le d\u00eener \u00e0 Naha, nous vous recommandons le restaurant officiel Ryubo Food Hall.\",\"isPartOf\":{\"@id\":\"https:\/\/ryubofoodhall.jp\/fr\/#website\"},\"datePublished\":\"2025-10-03T03:03:12+00:00\",\"breadcrumb\":{\"@id\":\"https:\/\/ryubofoodhall.jp\/fr\/contact\/#breadcrumb\"},\"inLanguage\":\"fr-FR\",\"potentialAction\":[{\"@type\":\"ReadAction\",\"target\":[\"https:\/\/ryubofoodhall.jp\/fr\/contact\/\"]}]},{\"@type\":\"BreadcrumbList\",\"@id\":\"https:\/\/ryubofoodhall.jp\/fr\/contact\/#breadcrumb\",\"itemListElement\":[{\"@type\":\"ListItem\",\"position\":1,\"name\":\"\u30db\u30fc\u30e0\",\"item\":\"https:\/\/ryubofoodhall.jp\/fr\/\"},{\"@type\":\"ListItem\",\"position\":2,\"name\":\"CONTACT\"}]},{\"@type\":\"WebSite\",\"@id\":\"https:\/\/ryubofoodhall.jp\/fr\/#website\",\"url\":\"https:\/\/ryubofoodhall.jp\/fr\/\",\"name\":\"Pour le d\u00e9jeuner et le d\u00eener \u00e0 Naha, nous vous recommandons le restaurant officiel Ryubo Food Hall.\",\"description\":\"\u90a3\u8987\u306e\u30e9\u30f3\u30c1\u30fb\u30c7\u30a3\u30ca\u30fc\u306fRYUBO FOOD HALL\u3002\u4e2d\u83ef\u3001\u548c\u98df\u3001\u30a4\u30bf\u30ea\u30a2\u30f3\u3001\u30b9\u30da\u30a4\u30f3\u6599\u7406\u3001\u30cf\u30f3\u30d0\u30fc\u30ac\u30fc\u3001\u30af\u30e9\u30d5\u30c8\u30d3\u30fc\u30eb\u3001\u30b9\u30a4\u30fc\u30c4\u306e7\u5c02\u9580\u5e97\u3002\u770c\u5e81\u524d\u99c5\u76f4\u7d50\u3001\u30d1\u30ec\u30c3\u30c8\u304f\u3082\u30582F\u3002\",\"potentialAction\":[{\"@type\":\"SearchAction\",\"target\":{\"@type\":\"EntryPoint\",\"urlTemplate\":\"https:\/\/ryubofoodhall.jp\/fr\/?s={search_term_string}\"},\"query-input\":{\"@type\":\"PropertyValueSpecification\",\"valueRequired\":true,\"valueName\":\"search_term_string\"}}],\"inLanguage\":\"fr-FR\"}]}<\/script>\n<!-- \/ Yoast SEO plugin. -->","yoast_head_json":{"title":"CONTACT | Pour le d\u00e9jeuner et le d\u00eener \u00e0 Naha, nous vous recommandons le restaurant officiel Ryubo Food Hall.","robots":{"index":"index","follow":"follow","max-snippet":"max-snippet:-1","max-image-preview":"max-image-preview:large","max-video-preview":"max-video-preview:-1"},"canonical":"https:\/\/ryubofoodhall.jp\/fr\/contact\/","og_locale":"fr_FR","og_type":"article","og_title":"CONTACT | Pour le d\u00e9jeuner et le d\u00eener \u00e0 Naha, nous vous recommandons le restaurant officiel Ryubo Food Hall.","og_description":"Nous accueillons toujours vos demandes et r\u00e9servations de groupes CONTACT Nous nous effor\u00e7ons chaque jour d\u2019am\u00e9liorer la qualit\u00e9 de nos services afin que tous les visiteurs puissent passer un moment plus confortable et agr\u00e9able. Si vous avez des questions concernant l\u2019acc\u00e8s au Food Hall, les installations, les horaires d\u2019ouverture ou l\u2019utilisation de la commande mobile, [&hellip;]","og_url":"https:\/\/ryubofoodhall.jp\/fr\/contact\/","og_site_name":"Pour le d\u00e9jeuner et le d\u00eener \u00e0 Naha, nous vous recommandons le restaurant officiel Ryubo Food Hall.","twitter_card":"summary_large_image","twitter_misc":{"Dur\u00e9e de lecture estim\u00e9e":"1 minute"},"schema":{"@context":"https:\/\/schema.org","@graph":[{"@type":"WebPage","@id":"https:\/\/ryubofoodhall.jp\/fr\/contact\/","url":"https:\/\/ryubofoodhall.jp\/fr\/contact\/","name":"CONTACT | Pour le d\u00e9jeuner et le d\u00eener \u00e0 Naha, nous vous recommandons le restaurant officiel Ryubo Food Hall.","isPartOf":{"@id":"https:\/\/ryubofoodhall.jp\/fr\/#website"},"datePublished":"2025-10-03T03:03:12+00:00","breadcrumb":{"@id":"https:\/\/ryubofoodhall.jp\/fr\/contact\/#breadcrumb"},"inLanguage":"fr-FR","potentialAction":[{"@type":"ReadAction","target":["https:\/\/ryubofoodhall.jp\/fr\/contact\/"]}]},{"@type":"BreadcrumbList","@id":"https:\/\/ryubofoodhall.jp\/fr\/contact\/#breadcrumb","itemListElement":[{"@type":"ListItem","position":1,"name":"\u30db\u30fc\u30e0","item":"https:\/\/ryubofoodhall.jp\/fr\/"},{"@type":"ListItem","position":2,"name":"CONTACT"}]},{"@type":"WebSite","@id":"https:\/\/ryubofoodhall.jp\/fr\/#website","url":"https:\/\/ryubofoodhall.jp\/fr\/","name":"Pour le d\u00e9jeuner et le d\u00eener \u00e0 Naha, nous vous recommandons le restaurant officiel Ryubo Food Hall.","description":"\u90a3\u8987\u306e\u30e9\u30f3\u30c1\u30fb\u30c7\u30a3\u30ca\u30fc\u306fRYUBO FOOD HALL\u3002\u4e2d\u83ef\u3001\u548c\u98df\u3001\u30a4\u30bf\u30ea\u30a2\u30f3\u3001\u30b9\u30da\u30a4\u30f3\u6599\u7406\u3001\u30cf\u30f3\u30d0\u30fc\u30ac\u30fc\u3001\u30af\u30e9\u30d5\u30c8\u30d3\u30fc\u30eb\u3001\u30b9\u30a4\u30fc\u30c4\u306e7\u5c02\u9580\u5e97\u3002\u770c\u5e81\u524d\u99c5\u76f4\u7d50\u3001\u30d1\u30ec\u30c3\u30c8\u304f\u3082\u30582F\u3002","potentialAction":[{"@type":"SearchAction","target":{"@type":"EntryPoint","urlTemplate":"https:\/\/ryubofoodhall.jp\/fr\/?s={search_term_string}"},"query-input":{"@type":"PropertyValueSpecification","valueRequired":true,"valueName":"search_term_string"}}],"inLanguage":"fr-FR"}]}},"_links":{"self":[{"href":"https:\/\/ryubofoodhall.jp\/fr\/wp-json\/wp\/v2\/pages\/56","targetHints":{"allow":["GET"]}}],"collection":[{"href":"https:\/\/ryubofoodhall.jp\/fr\/wp-json\/wp\/v2\/pages"}],"about":[{"href":"https:\/\/ryubofoodhall.jp\/fr\/wp-json\/wp\/v2\/types\/page"}],"author":[{"embeddable":true,"href":"https:\/\/ryubofoodhall.jp\/fr\/wp-json\/wp\/v2\/users\/1"}],"replies":[{"embeddable":true,"href":"https:\/\/ryubofoodhall.jp\/fr\/wp-json\/wp\/v2\/comments?post=56"}],"version-history":[{"count":1,"href":"https:\/\/ryubofoodhall.jp\/fr\/wp-json\/wp\/v2\/pages\/56\/revisions"}],"predecessor-version":[{"id":57,"href":"https:\/\/ryubofoodhall.jp\/fr\/wp-json\/wp\/v2\/pages\/56\/revisions\/57"}],"wp:attachment":[{"href":"https:\/\/ryubofoodhall.jp\/fr\/wp-json\/wp\/v2\/media?parent=56"}],"curies":[{"name":"wp","href":"https:\/\/api.w.org\/{rel}","templated":true}]}}