{"id":54,"date":"2025-10-03T12:06:06","date_gmt":"2025-10-03T03:06:06","guid":{"rendered":"https:\/\/ryubofoodhall.jp\/it\/?page_id=54"},"modified":"2025-10-03T12:06:06","modified_gmt":"2025-10-03T03:06:06","slug":"contact","status":"publish","type":"page","link":"https:\/\/ryubofoodhall.jp\/it\/contact\/","title":{"rendered":"CONTATTI"},"content":{"rendered":"\n<div class=\"w1100 ml-a mr-a\">\n<div class=\"ttl\">\n<h2>Accogliamo sempre richieste di informazioni e prenotazioni di gruppi<\/h2>\n<p>CONTATTI<\/p>\n<\/div>\n\n<p>Ci impegniamo ogni giorno a migliorare la qualit\u00e0 dei nostri servizi affinch\u00e9 tutti i visitatori possano trascorrere un tempo pi\u00f9 confortevole e piacevole. Se avete domande su come raggiungere il Food Hall, sulle strutture, sugli orari di apertura o sull\u2019uso degli ordini tramite cellulare, non esitate a contattarci. Accettiamo anche visite di gruppi e l\u2019utilizzo di sale private. Il nostro personale incaricato sar\u00e0 lieto di assistervi.<\/p>\n\n<\/div>\n\n\n\n<div style=\"height:100px\" aria-hidden=\"true\" class=\"wp-block-spacer\"><\/div>\n","protected":false},"excerpt":{"rendered":"<p>Accogliamo sempre richieste di informazioni e prenotazioni di gruppi CONTATTI Ci impegniamo ogni giorno a migliorare la qualit\u00e0 dei nostri servizi affinch\u00e9 tutti i visitatori possano trascorrere un tempo pi\u00f9 confortevole e piacevole. Se avete domande su come raggiungere il Food Hall, sulle strutture, sugli orari di apertura o sull\u2019uso degli ordini tramite cellulare, non [&hellip;]<\/p>\n","protected":false},"author":1,"featured_media":0,"parent":0,"menu_order":0,"comment_status":"closed","ping_status":"closed","template":"page-landing.php","meta":{"_acf_changed":false,"footnotes":""},"class_list":["post-54","page","type-page","status-publish","hentry"],"acf":[],"yoast_head":"<!-- This site is optimized with the Yoast SEO plugin v26.4 - https:\/\/yoast.com\/wordpress\/plugins\/seo\/ -->\n<title>CONTATTI | Per pranzo e cena a Naha, consigliamo il ristorante ufficiale Ryubo Food Hall.<\/title>\n<meta name=\"robots\" content=\"index, follow, max-snippet:-1, max-image-preview:large, max-video-preview:-1\" \/>\n<link rel=\"canonical\" href=\"https:\/\/ryubofoodhall.jp\/it\/contact\/\" \/>\n<meta property=\"og:locale\" content=\"it_IT\" \/>\n<meta property=\"og:type\" content=\"article\" \/>\n<meta property=\"og:title\" content=\"CONTATTI | Per pranzo e cena a Naha, consigliamo il ristorante ufficiale Ryubo Food Hall.\" \/>\n<meta property=\"og:description\" content=\"Accogliamo sempre richieste di informazioni e prenotazioni di gruppi CONTATTI Ci impegniamo ogni giorno a migliorare la qualit\u00e0 dei nostri servizi affinch\u00e9 tutti i visitatori possano trascorrere un tempo pi\u00f9 confortevole e piacevole. Se avete domande su come raggiungere il Food Hall, sulle strutture, sugli orari di apertura o sull\u2019uso degli ordini tramite cellulare, non [&hellip;]\" \/>\n<meta property=\"og:url\" content=\"https:\/\/ryubofoodhall.jp\/it\/contact\/\" \/>\n<meta property=\"og:site_name\" content=\"Per pranzo e cena a Naha, consigliamo il ristorante ufficiale Ryubo Food Hall.\" \/>\n<meta name=\"twitter:card\" content=\"summary_large_image\" \/>\n<meta name=\"twitter:label1\" content=\"Tempo di lettura stimato\" \/>\n\t<meta name=\"twitter:data1\" content=\"1 minuto\" \/>\n<script type=\"application\/ld+json\" class=\"yoast-schema-graph\">{\"@context\":\"https:\/\/schema.org\",\"@graph\":[{\"@type\":\"WebPage\",\"@id\":\"https:\/\/ryubofoodhall.jp\/it\/contact\/\",\"url\":\"https:\/\/ryubofoodhall.jp\/it\/contact\/\",\"name\":\"CONTATTI | Per pranzo e cena a Naha, consigliamo il ristorante ufficiale Ryubo Food Hall.\",\"isPartOf\":{\"@id\":\"https:\/\/ryubofoodhall.jp\/it\/#website\"},\"datePublished\":\"2025-10-03T03:06:06+00:00\",\"breadcrumb\":{\"@id\":\"https:\/\/ryubofoodhall.jp\/it\/contact\/#breadcrumb\"},\"inLanguage\":\"it-IT\",\"potentialAction\":[{\"@type\":\"ReadAction\",\"target\":[\"https:\/\/ryubofoodhall.jp\/it\/contact\/\"]}]},{\"@type\":\"BreadcrumbList\",\"@id\":\"https:\/\/ryubofoodhall.jp\/it\/contact\/#breadcrumb\",\"itemListElement\":[{\"@type\":\"ListItem\",\"position\":1,\"name\":\"\u30db\u30fc\u30e0\",\"item\":\"https:\/\/ryubofoodhall.jp\/it\/\"},{\"@type\":\"ListItem\",\"position\":2,\"name\":\"CONTATTI\"}]},{\"@type\":\"WebSite\",\"@id\":\"https:\/\/ryubofoodhall.jp\/it\/#website\",\"url\":\"https:\/\/ryubofoodhall.jp\/it\/\",\"name\":\"Per pranzo e cena a Naha, consigliamo il ristorante ufficiale Ryubo Food Hall.\",\"description\":\"\u90a3\u8987\u306e\u30e9\u30f3\u30c1\u30fb\u30c7\u30a3\u30ca\u30fc\u306fRYUBO FOOD HALL\u3002\u4e2d\u83ef\u3001\u548c\u98df\u3001\u30a4\u30bf\u30ea\u30a2\u30f3\u3001\u30b9\u30da\u30a4\u30f3\u6599\u7406\u3001\u30cf\u30f3\u30d0\u30fc\u30ac\u30fc\u3001\u30af\u30e9\u30d5\u30c8\u30d3\u30fc\u30eb\u3001\u30b9\u30a4\u30fc\u30c4\u306e7\u5c02\u9580\u5e97\u3002\u770c\u5e81\u524d\u99c5\u76f4\u7d50\u3001\u30d1\u30ec\u30c3\u30c8\u304f\u3082\u30582F\u3002\",\"potentialAction\":[{\"@type\":\"SearchAction\",\"target\":{\"@type\":\"EntryPoint\",\"urlTemplate\":\"https:\/\/ryubofoodhall.jp\/it\/?s={search_term_string}\"},\"query-input\":{\"@type\":\"PropertyValueSpecification\",\"valueRequired\":true,\"valueName\":\"search_term_string\"}}],\"inLanguage\":\"it-IT\"}]}<\/script>\n<!-- \/ Yoast SEO plugin. -->","yoast_head_json":{"title":"CONTATTI | Per pranzo e cena a Naha, consigliamo il ristorante ufficiale Ryubo Food Hall.","robots":{"index":"index","follow":"follow","max-snippet":"max-snippet:-1","max-image-preview":"max-image-preview:large","max-video-preview":"max-video-preview:-1"},"canonical":"https:\/\/ryubofoodhall.jp\/it\/contact\/","og_locale":"it_IT","og_type":"article","og_title":"CONTATTI | Per pranzo e cena a Naha, consigliamo il ristorante ufficiale Ryubo Food Hall.","og_description":"Accogliamo sempre richieste di informazioni e prenotazioni di gruppi CONTATTI Ci impegniamo ogni giorno a migliorare la qualit\u00e0 dei nostri servizi affinch\u00e9 tutti i visitatori possano trascorrere un tempo pi\u00f9 confortevole e piacevole. Se avete domande su come raggiungere il Food Hall, sulle strutture, sugli orari di apertura o sull\u2019uso degli ordini tramite cellulare, non [&hellip;]","og_url":"https:\/\/ryubofoodhall.jp\/it\/contact\/","og_site_name":"Per pranzo e cena a Naha, consigliamo il ristorante ufficiale Ryubo Food Hall.","twitter_card":"summary_large_image","twitter_misc":{"Tempo di lettura stimato":"1 minuto"},"schema":{"@context":"https:\/\/schema.org","@graph":[{"@type":"WebPage","@id":"https:\/\/ryubofoodhall.jp\/it\/contact\/","url":"https:\/\/ryubofoodhall.jp\/it\/contact\/","name":"CONTATTI | Per pranzo e cena a Naha, consigliamo il ristorante ufficiale Ryubo Food Hall.","isPartOf":{"@id":"https:\/\/ryubofoodhall.jp\/it\/#website"},"datePublished":"2025-10-03T03:06:06+00:00","breadcrumb":{"@id":"https:\/\/ryubofoodhall.jp\/it\/contact\/#breadcrumb"},"inLanguage":"it-IT","potentialAction":[{"@type":"ReadAction","target":["https:\/\/ryubofoodhall.jp\/it\/contact\/"]}]},{"@type":"BreadcrumbList","@id":"https:\/\/ryubofoodhall.jp\/it\/contact\/#breadcrumb","itemListElement":[{"@type":"ListItem","position":1,"name":"\u30db\u30fc\u30e0","item":"https:\/\/ryubofoodhall.jp\/it\/"},{"@type":"ListItem","position":2,"name":"CONTATTI"}]},{"@type":"WebSite","@id":"https:\/\/ryubofoodhall.jp\/it\/#website","url":"https:\/\/ryubofoodhall.jp\/it\/","name":"Per pranzo e cena a Naha, consigliamo il ristorante ufficiale Ryubo Food Hall.","description":"\u90a3\u8987\u306e\u30e9\u30f3\u30c1\u30fb\u30c7\u30a3\u30ca\u30fc\u306fRYUBO FOOD HALL\u3002\u4e2d\u83ef\u3001\u548c\u98df\u3001\u30a4\u30bf\u30ea\u30a2\u30f3\u3001\u30b9\u30da\u30a4\u30f3\u6599\u7406\u3001\u30cf\u30f3\u30d0\u30fc\u30ac\u30fc\u3001\u30af\u30e9\u30d5\u30c8\u30d3\u30fc\u30eb\u3001\u30b9\u30a4\u30fc\u30c4\u306e7\u5c02\u9580\u5e97\u3002\u770c\u5e81\u524d\u99c5\u76f4\u7d50\u3001\u30d1\u30ec\u30c3\u30c8\u304f\u3082\u30582F\u3002","potentialAction":[{"@type":"SearchAction","target":{"@type":"EntryPoint","urlTemplate":"https:\/\/ryubofoodhall.jp\/it\/?s={search_term_string}"},"query-input":{"@type":"PropertyValueSpecification","valueRequired":true,"valueName":"search_term_string"}}],"inLanguage":"it-IT"}]}},"_links":{"self":[{"href":"https:\/\/ryubofoodhall.jp\/it\/wp-json\/wp\/v2\/pages\/54","targetHints":{"allow":["GET"]}}],"collection":[{"href":"https:\/\/ryubofoodhall.jp\/it\/wp-json\/wp\/v2\/pages"}],"about":[{"href":"https:\/\/ryubofoodhall.jp\/it\/wp-json\/wp\/v2\/types\/page"}],"author":[{"embeddable":true,"href":"https:\/\/ryubofoodhall.jp\/it\/wp-json\/wp\/v2\/users\/1"}],"replies":[{"embeddable":true,"href":"https:\/\/ryubofoodhall.jp\/it\/wp-json\/wp\/v2\/comments?post=54"}],"version-history":[{"count":1,"href":"https:\/\/ryubofoodhall.jp\/it\/wp-json\/wp\/v2\/pages\/54\/revisions"}],"predecessor-version":[{"id":55,"href":"https:\/\/ryubofoodhall.jp\/it\/wp-json\/wp\/v2\/pages\/54\/revisions\/55"}],"wp:attachment":[{"href":"https:\/\/ryubofoodhall.jp\/it\/wp-json\/wp\/v2\/media?parent=54"}],"curies":[{"name":"wp","href":"https:\/\/api.w.org\/{rel}","templated":true}]}}