{"id":55,"date":"2025-10-03T12:11:59","date_gmt":"2025-10-03T03:11:59","guid":{"rendered":"https:\/\/ryubofoodhall.jp\/pt\/?page_id=55"},"modified":"2025-10-03T12:11:59","modified_gmt":"2025-10-03T03:11:59","slug":"contact","status":"publish","type":"page","link":"https:\/\/ryubofoodhall.jp\/pt\/contact\/","title":{"rendered":"CONTATO"},"content":{"rendered":"\n<div class=\"w1100 ml-a mr-a\">\n<div class=\"ttl\">\n<h2>Sempre damos as boas-vindas a consultas e reservas de grupos<\/h2>\n<p>CONTATO<\/p>\n<\/div>\n\n<p>Trabalhamos diariamente para melhorar a qualidade dos nossos servi\u00e7os, a fim de que todos os visitantes possam desfrutar de um momento mais confort\u00e1vel e agrad\u00e1vel. Se tiver alguma d\u00favida sobre como chegar ao Food Hall, as instala\u00e7\u00f5es, o hor\u00e1rio de funcionamento ou o uso do pedido m\u00f3vel, n\u00e3o hesite em nos contatar. Tamb\u00e9m aceitamos visitas de grupos e o uso de salas privadas. Nossa equipe respons\u00e1vel ter\u00e1 prazer em atend\u00ea-lo.<\/p>\n\n<\/div>\n\n\n\n<div style=\"height:100px\" aria-hidden=\"true\" class=\"wp-block-spacer\"><\/div>\n","protected":false},"excerpt":{"rendered":"<p>Sempre damos as boas-vindas a consultas e reservas de grupos CONTATO Trabalhamos diariamente para melhorar a qualidade dos nossos servi\u00e7os, a fim de que todos os visitantes possam desfrutar de um momento mais confort\u00e1vel e agrad\u00e1vel. Se tiver alguma d\u00favida sobre como chegar ao Food Hall, as instala\u00e7\u00f5es, o hor\u00e1rio de funcionamento ou o uso [&hellip;]<\/p>\n","protected":false},"author":1,"featured_media":0,"parent":0,"menu_order":0,"comment_status":"closed","ping_status":"closed","template":"page-landing.php","meta":{"_acf_changed":false,"footnotes":""},"class_list":["post-55","page","type-page","status-publish","hentry"],"acf":[],"yoast_head":"<!-- This site is optimized with the Yoast SEO plugin v26.4 - https:\/\/yoast.com\/wordpress\/plugins\/seo\/ -->\n<title>CONTATO | Para almo\u00e7ar e jantar em Naha, recomendamos o restaurante oficial no Ryubo Food Hall.<\/title>\n<meta name=\"robots\" content=\"index, follow, max-snippet:-1, max-image-preview:large, max-video-preview:-1\" \/>\n<link rel=\"canonical\" href=\"https:\/\/ryubofoodhall.jp\/pt\/contact\/\" \/>\n<meta property=\"og:locale\" content=\"pt_PT\" \/>\n<meta property=\"og:type\" content=\"article\" \/>\n<meta property=\"og:title\" content=\"CONTATO | Para almo\u00e7ar e jantar em Naha, recomendamos o restaurante oficial no Ryubo Food Hall.\" \/>\n<meta property=\"og:description\" content=\"Sempre damos as boas-vindas a consultas e reservas de grupos CONTATO Trabalhamos diariamente para melhorar a qualidade dos nossos servi\u00e7os, a fim de que todos os visitantes possam desfrutar de um momento mais confort\u00e1vel e agrad\u00e1vel. Se tiver alguma d\u00favida sobre como chegar ao Food Hall, as instala\u00e7\u00f5es, o hor\u00e1rio de funcionamento ou o uso [&hellip;]\" \/>\n<meta property=\"og:url\" content=\"https:\/\/ryubofoodhall.jp\/pt\/contact\/\" \/>\n<meta property=\"og:site_name\" content=\"Para almo\u00e7ar e jantar em Naha, recomendamos o restaurante oficial no Ryubo Food Hall.\" \/>\n<meta name=\"twitter:card\" content=\"summary_large_image\" \/>\n<meta name=\"twitter:label1\" content=\"Tempo estimado de leitura\" \/>\n\t<meta name=\"twitter:data1\" content=\"1 minuto\" \/>\n<script type=\"application\/ld+json\" class=\"yoast-schema-graph\">{\"@context\":\"https:\/\/schema.org\",\"@graph\":[{\"@type\":\"WebPage\",\"@id\":\"https:\/\/ryubofoodhall.jp\/pt\/contact\/\",\"url\":\"https:\/\/ryubofoodhall.jp\/pt\/contact\/\",\"name\":\"CONTATO | Para almo\u00e7ar e jantar em Naha, recomendamos o restaurante oficial no Ryubo Food Hall.\",\"isPartOf\":{\"@id\":\"https:\/\/ryubofoodhall.jp\/pt\/#website\"},\"datePublished\":\"2025-10-03T03:11:59+00:00\",\"breadcrumb\":{\"@id\":\"https:\/\/ryubofoodhall.jp\/pt\/contact\/#breadcrumb\"},\"inLanguage\":\"pt-PT\",\"potentialAction\":[{\"@type\":\"ReadAction\",\"target\":[\"https:\/\/ryubofoodhall.jp\/pt\/contact\/\"]}]},{\"@type\":\"BreadcrumbList\",\"@id\":\"https:\/\/ryubofoodhall.jp\/pt\/contact\/#breadcrumb\",\"itemListElement\":[{\"@type\":\"ListItem\",\"position\":1,\"name\":\"\u30db\u30fc\u30e0\",\"item\":\"https:\/\/ryubofoodhall.jp\/pt\/\"},{\"@type\":\"ListItem\",\"position\":2,\"name\":\"CONTATO\"}]},{\"@type\":\"WebSite\",\"@id\":\"https:\/\/ryubofoodhall.jp\/pt\/#website\",\"url\":\"https:\/\/ryubofoodhall.jp\/pt\/\",\"name\":\"Para almo\u00e7ar e jantar em Naha, recomendamos o restaurante oficial no Ryubo Food Hall.\",\"description\":\"\u90a3\u8987\u306e\u30e9\u30f3\u30c1\u30fb\u30c7\u30a3\u30ca\u30fc\u306fRYUBO FOOD HALL\u3002\u4e2d\u83ef\u3001\u548c\u98df\u3001\u30a4\u30bf\u30ea\u30a2\u30f3\u3001\u30b9\u30da\u30a4\u30f3\u6599\u7406\u3001\u30cf\u30f3\u30d0\u30fc\u30ac\u30fc\u3001\u30af\u30e9\u30d5\u30c8\u30d3\u30fc\u30eb\u3001\u30b9\u30a4\u30fc\u30c4\u306e7\u5c02\u9580\u5e97\u3002\u770c\u5e81\u524d\u99c5\u76f4\u7d50\u3001\u30d1\u30ec\u30c3\u30c8\u304f\u3082\u30582F\u3002\",\"potentialAction\":[{\"@type\":\"SearchAction\",\"target\":{\"@type\":\"EntryPoint\",\"urlTemplate\":\"https:\/\/ryubofoodhall.jp\/pt\/?s={search_term_string}\"},\"query-input\":{\"@type\":\"PropertyValueSpecification\",\"valueRequired\":true,\"valueName\":\"search_term_string\"}}],\"inLanguage\":\"pt-PT\"}]}<\/script>\n<!-- \/ Yoast SEO plugin. -->","yoast_head_json":{"title":"CONTATO | Para almo\u00e7ar e jantar em Naha, recomendamos o restaurante oficial no Ryubo Food Hall.","robots":{"index":"index","follow":"follow","max-snippet":"max-snippet:-1","max-image-preview":"max-image-preview:large","max-video-preview":"max-video-preview:-1"},"canonical":"https:\/\/ryubofoodhall.jp\/pt\/contact\/","og_locale":"pt_PT","og_type":"article","og_title":"CONTATO | Para almo\u00e7ar e jantar em Naha, recomendamos o restaurante oficial no Ryubo Food Hall.","og_description":"Sempre damos as boas-vindas a consultas e reservas de grupos CONTATO Trabalhamos diariamente para melhorar a qualidade dos nossos servi\u00e7os, a fim de que todos os visitantes possam desfrutar de um momento mais confort\u00e1vel e agrad\u00e1vel. Se tiver alguma d\u00favida sobre como chegar ao Food Hall, as instala\u00e7\u00f5es, o hor\u00e1rio de funcionamento ou o uso [&hellip;]","og_url":"https:\/\/ryubofoodhall.jp\/pt\/contact\/","og_site_name":"Para almo\u00e7ar e jantar em Naha, recomendamos o restaurante oficial no Ryubo Food Hall.","twitter_card":"summary_large_image","twitter_misc":{"Tempo estimado de leitura":"1 minuto"},"schema":{"@context":"https:\/\/schema.org","@graph":[{"@type":"WebPage","@id":"https:\/\/ryubofoodhall.jp\/pt\/contact\/","url":"https:\/\/ryubofoodhall.jp\/pt\/contact\/","name":"CONTATO | Para almo\u00e7ar e jantar em Naha, recomendamos o restaurante oficial no Ryubo Food Hall.","isPartOf":{"@id":"https:\/\/ryubofoodhall.jp\/pt\/#website"},"datePublished":"2025-10-03T03:11:59+00:00","breadcrumb":{"@id":"https:\/\/ryubofoodhall.jp\/pt\/contact\/#breadcrumb"},"inLanguage":"pt-PT","potentialAction":[{"@type":"ReadAction","target":["https:\/\/ryubofoodhall.jp\/pt\/contact\/"]}]},{"@type":"BreadcrumbList","@id":"https:\/\/ryubofoodhall.jp\/pt\/contact\/#breadcrumb","itemListElement":[{"@type":"ListItem","position":1,"name":"\u30db\u30fc\u30e0","item":"https:\/\/ryubofoodhall.jp\/pt\/"},{"@type":"ListItem","position":2,"name":"CONTATO"}]},{"@type":"WebSite","@id":"https:\/\/ryubofoodhall.jp\/pt\/#website","url":"https:\/\/ryubofoodhall.jp\/pt\/","name":"Para almo\u00e7ar e jantar em Naha, recomendamos o restaurante oficial no Ryubo Food Hall.","description":"\u90a3\u8987\u306e\u30e9\u30f3\u30c1\u30fb\u30c7\u30a3\u30ca\u30fc\u306fRYUBO FOOD HALL\u3002\u4e2d\u83ef\u3001\u548c\u98df\u3001\u30a4\u30bf\u30ea\u30a2\u30f3\u3001\u30b9\u30da\u30a4\u30f3\u6599\u7406\u3001\u30cf\u30f3\u30d0\u30fc\u30ac\u30fc\u3001\u30af\u30e9\u30d5\u30c8\u30d3\u30fc\u30eb\u3001\u30b9\u30a4\u30fc\u30c4\u306e7\u5c02\u9580\u5e97\u3002\u770c\u5e81\u524d\u99c5\u76f4\u7d50\u3001\u30d1\u30ec\u30c3\u30c8\u304f\u3082\u30582F\u3002","potentialAction":[{"@type":"SearchAction","target":{"@type":"EntryPoint","urlTemplate":"https:\/\/ryubofoodhall.jp\/pt\/?s={search_term_string}"},"query-input":{"@type":"PropertyValueSpecification","valueRequired":true,"valueName":"search_term_string"}}],"inLanguage":"pt-PT"}]}},"_links":{"self":[{"href":"https:\/\/ryubofoodhall.jp\/pt\/wp-json\/wp\/v2\/pages\/55","targetHints":{"allow":["GET"]}}],"collection":[{"href":"https:\/\/ryubofoodhall.jp\/pt\/wp-json\/wp\/v2\/pages"}],"about":[{"href":"https:\/\/ryubofoodhall.jp\/pt\/wp-json\/wp\/v2\/types\/page"}],"author":[{"embeddable":true,"href":"https:\/\/ryubofoodhall.jp\/pt\/wp-json\/wp\/v2\/users\/1"}],"replies":[{"embeddable":true,"href":"https:\/\/ryubofoodhall.jp\/pt\/wp-json\/wp\/v2\/comments?post=55"}],"version-history":[{"count":1,"href":"https:\/\/ryubofoodhall.jp\/pt\/wp-json\/wp\/v2\/pages\/55\/revisions"}],"predecessor-version":[{"id":56,"href":"https:\/\/ryubofoodhall.jp\/pt\/wp-json\/wp\/v2\/pages\/55\/revisions\/56"}],"wp:attachment":[{"href":"https:\/\/ryubofoodhall.jp\/pt\/wp-json\/wp\/v2\/media?parent=55"}],"curies":[{"name":"wp","href":"https:\/\/api.w.org\/{rel}","templated":true}]}}