{"id":53,"date":"2025-10-03T12:13:26","date_gmt":"2025-10-03T03:13:26","guid":{"rendered":"https:\/\/ryubofoodhall.jp\/tr\/?page_id=53"},"modified":"2025-10-03T12:13:46","modified_gmt":"2025-10-03T03:13:46","slug":"contact","status":"publish","type":"page","link":"https:\/\/ryubofoodhall.jp\/tr\/contact\/","title":{"rendered":"\u0130LET\u0130\u015e\u0130M"},"content":{"rendered":"\n<div class=\"w1100 ml-a mr-a\">\n<div class=\"ttl\">\n<h2>Her zaman sorular\u0131n\u0131z\u0131 ve grup rezervasyonlar\u0131n\u0131 memnuniyetle kar\u015f\u0131l\u0131yoruz<\/h2>\n<p>\u0130LET\u0130\u015e\u0130M<\/p>\n<\/div>\n\n<p>T\u00fcm ziyaret\u00e7ilerimizin daha rahat ve keyifli vakit ge\u00e7irebilmeleri i\u00e7in hizmet kalitemizi her g\u00fcn geli\u015ftirmeye \u00e7al\u0131\u015f\u0131yoruz. Food Hall\u2019a ula\u015f\u0131m, tesisler, \u00e7al\u0131\u015fma saatleri veya mobil sipari\u015f kullan\u0131m\u0131 hakk\u0131nda sorular\u0131n\u0131z varsa, l\u00fctfen bizimle ileti\u015fime ge\u00e7mekten \u00e7ekinmeyin. Ayr\u0131ca, grup ziyaretlerini ve \u00f6zel odalar\u0131n kullan\u0131m\u0131n\u0131 da kabul ediyoruz. Sorumlu personelimiz size yard\u0131mc\u0131 olmaktan memnuniyet duyacakt\u0131r.<\/p>\n\n<\/div>\n\n\n\n<div style=\"height:100px\" aria-hidden=\"true\" class=\"wp-block-spacer\"><\/div>\n","protected":false},"excerpt":{"rendered":"<p>Her zaman sorular\u0131n\u0131z\u0131 ve grup rezervasyonlar\u0131n\u0131 memnuniyetle kar\u015f\u0131l\u0131yoruz \u0130LET\u0130\u015e\u0130M T\u00fcm ziyaret\u00e7ilerimizin daha rahat ve keyifli vakit ge\u00e7irebilmeleri i\u00e7in hizmet kalitemizi her g\u00fcn geli\u015ftirmeye \u00e7al\u0131\u015f\u0131yoruz. Food Hall\u2019a ula\u015f\u0131m, tesisler, \u00e7al\u0131\u015fma saatleri veya mobil sipari\u015f kullan\u0131m\u0131 hakk\u0131nda sorular\u0131n\u0131z varsa, l\u00fctfen bizimle ileti\u015fime ge\u00e7mekten \u00e7ekinmeyin. Ayr\u0131ca, grup ziyaretlerini ve \u00f6zel odalar\u0131n kullan\u0131m\u0131n\u0131 da kabul ediyoruz. Sorumlu personelimiz size [&hellip;]<\/p>\n","protected":false},"author":1,"featured_media":0,"parent":0,"menu_order":0,"comment_status":"closed","ping_status":"closed","template":"page-landing.php","meta":{"_acf_changed":false,"footnotes":""},"class_list":["post-53","page","type-page","status-publish","hentry"],"acf":[],"yoast_head":"<!-- This site is optimized with the Yoast SEO plugin v26.4 - https:\/\/yoast.com\/wordpress\/plugins\/seo\/ -->\n<title>\u0130LET\u0130\u015e\u0130M | Naha&#039;da \u00f6\u011fle ve ak\u015fam yemekleri i\u00e7in resmi Ryubo Food Hall restoran\u0131n\u0131 \u00f6neriyoruz.<\/title>\n<meta name=\"robots\" content=\"index, follow, max-snippet:-1, max-image-preview:large, max-video-preview:-1\" \/>\n<link rel=\"canonical\" href=\"https:\/\/ryubofoodhall.jp\/tr\/contact\/\" \/>\n<meta property=\"og:locale\" content=\"tr_TR\" \/>\n<meta property=\"og:type\" content=\"article\" \/>\n<meta property=\"og:title\" content=\"\u0130LET\u0130\u015e\u0130M | Naha&#039;da \u00f6\u011fle ve ak\u015fam yemekleri i\u00e7in resmi Ryubo Food Hall restoran\u0131n\u0131 \u00f6neriyoruz.\" \/>\n<meta property=\"og:description\" content=\"Her zaman sorular\u0131n\u0131z\u0131 ve grup rezervasyonlar\u0131n\u0131 memnuniyetle kar\u015f\u0131l\u0131yoruz \u0130LET\u0130\u015e\u0130M T\u00fcm ziyaret\u00e7ilerimizin daha rahat ve keyifli vakit ge\u00e7irebilmeleri i\u00e7in hizmet kalitemizi her g\u00fcn geli\u015ftirmeye \u00e7al\u0131\u015f\u0131yoruz. Food Hall\u2019a ula\u015f\u0131m, tesisler, \u00e7al\u0131\u015fma saatleri veya mobil sipari\u015f kullan\u0131m\u0131 hakk\u0131nda sorular\u0131n\u0131z varsa, l\u00fctfen bizimle ileti\u015fime ge\u00e7mekten \u00e7ekinmeyin. Ayr\u0131ca, grup ziyaretlerini ve \u00f6zel odalar\u0131n kullan\u0131m\u0131n\u0131 da kabul ediyoruz. Sorumlu personelimiz size [&hellip;]\" \/>\n<meta property=\"og:url\" content=\"https:\/\/ryubofoodhall.jp\/tr\/contact\/\" \/>\n<meta property=\"og:site_name\" content=\"Naha&#039;da \u00f6\u011fle ve ak\u015fam yemekleri i\u00e7in resmi Ryubo Food Hall restoran\u0131n\u0131 \u00f6neriyoruz.\" \/>\n<meta property=\"article:modified_time\" content=\"2025-10-03T03:13:46+00:00\" \/>\n<meta name=\"twitter:card\" content=\"summary_large_image\" \/>\n<meta name=\"twitter:label1\" content=\"Tahmini okuma s\u00fcresi\" \/>\n\t<meta name=\"twitter:data1\" content=\"1 dakika\" \/>\n<script type=\"application\/ld+json\" class=\"yoast-schema-graph\">{\"@context\":\"https:\/\/schema.org\",\"@graph\":[{\"@type\":\"WebPage\",\"@id\":\"https:\/\/ryubofoodhall.jp\/tr\/contact\/\",\"url\":\"https:\/\/ryubofoodhall.jp\/tr\/contact\/\",\"name\":\"\u0130LET\u0130\u015e\u0130M | Naha&#039;da \u00f6\u011fle ve ak\u015fam yemekleri i\u00e7in resmi Ryubo Food Hall restoran\u0131n\u0131 \u00f6neriyoruz.\",\"isPartOf\":{\"@id\":\"https:\/\/ryubofoodhall.jp\/tr\/#website\"},\"datePublished\":\"2025-10-03T03:13:26+00:00\",\"dateModified\":\"2025-10-03T03:13:46+00:00\",\"breadcrumb\":{\"@id\":\"https:\/\/ryubofoodhall.jp\/tr\/contact\/#breadcrumb\"},\"inLanguage\":\"tr\",\"potentialAction\":[{\"@type\":\"ReadAction\",\"target\":[\"https:\/\/ryubofoodhall.jp\/tr\/contact\/\"]}]},{\"@type\":\"BreadcrumbList\",\"@id\":\"https:\/\/ryubofoodhall.jp\/tr\/contact\/#breadcrumb\",\"itemListElement\":[{\"@type\":\"ListItem\",\"position\":1,\"name\":\"\u30db\u30fc\u30e0\",\"item\":\"https:\/\/ryubofoodhall.jp\/tr\/\"},{\"@type\":\"ListItem\",\"position\":2,\"name\":\"\u0130LET\u0130\u015e\u0130M\"}]},{\"@type\":\"WebSite\",\"@id\":\"https:\/\/ryubofoodhall.jp\/tr\/#website\",\"url\":\"https:\/\/ryubofoodhall.jp\/tr\/\",\"name\":\"Naha&#039;da \u00f6\u011fle ve ak\u015fam yemekleri i\u00e7in resmi Ryubo Food Hall restoran\u0131n\u0131 \u00f6neriyoruz.\",\"description\":\"\u90a3\u8987\u306e\u30e9\u30f3\u30c1\u30fb\u30c7\u30a3\u30ca\u30fc\u306fRYUBO FOOD HALL\u3002\u4e2d\u83ef\u3001\u548c\u98df\u3001\u30a4\u30bf\u30ea\u30a2\u30f3\u3001\u30b9\u30da\u30a4\u30f3\u6599\u7406\u3001\u30cf\u30f3\u30d0\u30fc\u30ac\u30fc\u3001\u30af\u30e9\u30d5\u30c8\u30d3\u30fc\u30eb\u3001\u30b9\u30a4\u30fc\u30c4\u306e7\u5c02\u9580\u5e97\u3002\u770c\u5e81\u524d\u99c5\u76f4\u7d50\u3001\u30d1\u30ec\u30c3\u30c8\u304f\u3082\u30582F\u3002\",\"potentialAction\":[{\"@type\":\"SearchAction\",\"target\":{\"@type\":\"EntryPoint\",\"urlTemplate\":\"https:\/\/ryubofoodhall.jp\/tr\/?s={search_term_string}\"},\"query-input\":{\"@type\":\"PropertyValueSpecification\",\"valueRequired\":true,\"valueName\":\"search_term_string\"}}],\"inLanguage\":\"tr\"}]}<\/script>\n<!-- \/ Yoast SEO plugin. -->","yoast_head_json":{"title":"\u0130LET\u0130\u015e\u0130M | Naha&#039;da \u00f6\u011fle ve ak\u015fam yemekleri i\u00e7in resmi Ryubo Food Hall restoran\u0131n\u0131 \u00f6neriyoruz.","robots":{"index":"index","follow":"follow","max-snippet":"max-snippet:-1","max-image-preview":"max-image-preview:large","max-video-preview":"max-video-preview:-1"},"canonical":"https:\/\/ryubofoodhall.jp\/tr\/contact\/","og_locale":"tr_TR","og_type":"article","og_title":"\u0130LET\u0130\u015e\u0130M | Naha&#039;da \u00f6\u011fle ve ak\u015fam yemekleri i\u00e7in resmi Ryubo Food Hall restoran\u0131n\u0131 \u00f6neriyoruz.","og_description":"Her zaman sorular\u0131n\u0131z\u0131 ve grup rezervasyonlar\u0131n\u0131 memnuniyetle kar\u015f\u0131l\u0131yoruz \u0130LET\u0130\u015e\u0130M T\u00fcm ziyaret\u00e7ilerimizin daha rahat ve keyifli vakit ge\u00e7irebilmeleri i\u00e7in hizmet kalitemizi her g\u00fcn geli\u015ftirmeye \u00e7al\u0131\u015f\u0131yoruz. Food Hall\u2019a ula\u015f\u0131m, tesisler, \u00e7al\u0131\u015fma saatleri veya mobil sipari\u015f kullan\u0131m\u0131 hakk\u0131nda sorular\u0131n\u0131z varsa, l\u00fctfen bizimle ileti\u015fime ge\u00e7mekten \u00e7ekinmeyin. Ayr\u0131ca, grup ziyaretlerini ve \u00f6zel odalar\u0131n kullan\u0131m\u0131n\u0131 da kabul ediyoruz. Sorumlu personelimiz size [&hellip;]","og_url":"https:\/\/ryubofoodhall.jp\/tr\/contact\/","og_site_name":"Naha&#039;da \u00f6\u011fle ve ak\u015fam yemekleri i\u00e7in resmi Ryubo Food Hall restoran\u0131n\u0131 \u00f6neriyoruz.","article_modified_time":"2025-10-03T03:13:46+00:00","twitter_card":"summary_large_image","twitter_misc":{"Tahmini okuma s\u00fcresi":"1 dakika"},"schema":{"@context":"https:\/\/schema.org","@graph":[{"@type":"WebPage","@id":"https:\/\/ryubofoodhall.jp\/tr\/contact\/","url":"https:\/\/ryubofoodhall.jp\/tr\/contact\/","name":"\u0130LET\u0130\u015e\u0130M | Naha&#039;da \u00f6\u011fle ve ak\u015fam yemekleri i\u00e7in resmi Ryubo Food Hall restoran\u0131n\u0131 \u00f6neriyoruz.","isPartOf":{"@id":"https:\/\/ryubofoodhall.jp\/tr\/#website"},"datePublished":"2025-10-03T03:13:26+00:00","dateModified":"2025-10-03T03:13:46+00:00","breadcrumb":{"@id":"https:\/\/ryubofoodhall.jp\/tr\/contact\/#breadcrumb"},"inLanguage":"tr","potentialAction":[{"@type":"ReadAction","target":["https:\/\/ryubofoodhall.jp\/tr\/contact\/"]}]},{"@type":"BreadcrumbList","@id":"https:\/\/ryubofoodhall.jp\/tr\/contact\/#breadcrumb","itemListElement":[{"@type":"ListItem","position":1,"name":"\u30db\u30fc\u30e0","item":"https:\/\/ryubofoodhall.jp\/tr\/"},{"@type":"ListItem","position":2,"name":"\u0130LET\u0130\u015e\u0130M"}]},{"@type":"WebSite","@id":"https:\/\/ryubofoodhall.jp\/tr\/#website","url":"https:\/\/ryubofoodhall.jp\/tr\/","name":"Naha&#039;da \u00f6\u011fle ve ak\u015fam yemekleri i\u00e7in resmi Ryubo Food Hall restoran\u0131n\u0131 \u00f6neriyoruz.","description":"\u90a3\u8987\u306e\u30e9\u30f3\u30c1\u30fb\u30c7\u30a3\u30ca\u30fc\u306fRYUBO FOOD HALL\u3002\u4e2d\u83ef\u3001\u548c\u98df\u3001\u30a4\u30bf\u30ea\u30a2\u30f3\u3001\u30b9\u30da\u30a4\u30f3\u6599\u7406\u3001\u30cf\u30f3\u30d0\u30fc\u30ac\u30fc\u3001\u30af\u30e9\u30d5\u30c8\u30d3\u30fc\u30eb\u3001\u30b9\u30a4\u30fc\u30c4\u306e7\u5c02\u9580\u5e97\u3002\u770c\u5e81\u524d\u99c5\u76f4\u7d50\u3001\u30d1\u30ec\u30c3\u30c8\u304f\u3082\u30582F\u3002","potentialAction":[{"@type":"SearchAction","target":{"@type":"EntryPoint","urlTemplate":"https:\/\/ryubofoodhall.jp\/tr\/?s={search_term_string}"},"query-input":{"@type":"PropertyValueSpecification","valueRequired":true,"valueName":"search_term_string"}}],"inLanguage":"tr"}]}},"_links":{"self":[{"href":"https:\/\/ryubofoodhall.jp\/tr\/wp-json\/wp\/v2\/pages\/53","targetHints":{"allow":["GET"]}}],"collection":[{"href":"https:\/\/ryubofoodhall.jp\/tr\/wp-json\/wp\/v2\/pages"}],"about":[{"href":"https:\/\/ryubofoodhall.jp\/tr\/wp-json\/wp\/v2\/types\/page"}],"author":[{"embeddable":true,"href":"https:\/\/ryubofoodhall.jp\/tr\/wp-json\/wp\/v2\/users\/1"}],"replies":[{"embeddable":true,"href":"https:\/\/ryubofoodhall.jp\/tr\/wp-json\/wp\/v2\/comments?post=53"}],"version-history":[{"count":1,"href":"https:\/\/ryubofoodhall.jp\/tr\/wp-json\/wp\/v2\/pages\/53\/revisions"}],"predecessor-version":[{"id":54,"href":"https:\/\/ryubofoodhall.jp\/tr\/wp-json\/wp\/v2\/pages\/53\/revisions\/54"}],"wp:attachment":[{"href":"https:\/\/ryubofoodhall.jp\/tr\/wp-json\/wp\/v2\/media?parent=53"}],"curies":[{"name":"wp","href":"https:\/\/api.w.org\/{rel}","templated":true}]}}