{"id":53,"date":"2025-10-03T12:38:46","date_gmt":"2025-10-03T03:38:46","guid":{"rendered":"https:\/\/ryubofoodhall.jp\/vi\/?page_id=53"},"modified":"2025-10-03T12:38:46","modified_gmt":"2025-10-03T03:38:46","slug":"contact","status":"publish","type":"page","link":"https:\/\/ryubofoodhall.jp\/vi\/contact\/","title":{"rendered":"LI\u00caN H\u1ec6"},"content":{"rendered":"\n<div class=\"w1100 ml-a mr-a\">\n<div class=\"ttl\">\n<h2>Ch\u00fang t\u00f4i lu\u00f4n hoan ngh\u00eanh c\u00e1c c\u00e2u h\u1ecfi v\u00e0 \u0111\u1eb7t ch\u1ed7 theo nh\u00f3m<\/h2>\n<p>LI\u00caN H\u1ec6<\/p>\n<\/div>\n\n<p>Ch\u00fang t\u00f4i n\u1ed7 l\u1ef1c m\u1ed7i ng\u00e0y \u0111\u1ec3 n\u00e2ng cao ch\u1ea5t l\u01b0\u1ee3ng d\u1ecbch v\u1ee5, nh\u1eb1m mang \u0111\u1ebfn cho t\u1ea5t c\u1ea3 du kh\u00e1ch kho\u1ea3ng th\u1eddi gian tho\u1ea3i m\u00e1i v\u00e0 th\u00fa v\u1ecb h\u01a1n. N\u1ebfu b\u1ea1n c\u00f3 b\u1ea5t k\u1ef3 th\u1eafc m\u1eafc n\u00e0o v\u1ec1 c\u00e1ch \u0111\u1ebfn Food Hall, c\u01a1 s\u1edf v\u1eadt ch\u1ea5t, gi\u1edd m\u1edf c\u1eeda hay c\u00e1ch s\u1eed d\u1ee5ng \u0111\u1eb7t m\u00f3n qua \u0111i\u1ec7n tho\u1ea1i di \u0111\u1ed9ng, xin \u0111\u1eebng ng\u1ea7n ng\u1ea1i li\u00ean h\u1ec7 v\u1edbi ch\u00fang t\u00f4i. Ch\u00fang t\u00f4i c\u0169ng ti\u1ebfp nh\u1eadn c\u00e1c \u0111o\u00e0n kh\u00e1ch theo nh\u00f3m v\u00e0 vi\u1ec7c s\u1eed d\u1ee5ng ph\u00f2ng ri\u00eang. Nh\u00e2n vi\u00ean ph\u1ee5 tr\u00e1ch c\u1ee7a ch\u00fang t\u00f4i s\u1ebd s\u1eb5n s\u00e0ng h\u1ed7 tr\u1ee3 b\u1ea1n.<\/p>\n\n<\/div>\n\n\n\n<div style=\"height:100px\" aria-hidden=\"true\" class=\"wp-block-spacer\"><\/div>\n","protected":false},"excerpt":{"rendered":"<p>Ch\u00fang t\u00f4i lu\u00f4n hoan ngh\u00eanh c\u00e1c c\u00e2u h\u1ecfi v\u00e0 \u0111\u1eb7t ch\u1ed7 theo nh\u00f3m LI\u00caN H\u1ec6 Ch\u00fang t\u00f4i n\u1ed7 l\u1ef1c m\u1ed7i ng\u00e0y \u0111\u1ec3 n\u00e2ng cao ch\u1ea5t l\u01b0\u1ee3ng d\u1ecbch v\u1ee5, nh\u1eb1m mang \u0111\u1ebfn cho t\u1ea5t c\u1ea3 du kh\u00e1ch kho\u1ea3ng th\u1eddi gian tho\u1ea3i m\u00e1i v\u00e0 th\u00fa v\u1ecb h\u01a1n. N\u1ebfu b\u1ea1n c\u00f3 b\u1ea5t k\u1ef3 th\u1eafc m\u1eafc n\u00e0o v\u1ec1 c\u00e1ch [&hellip;]<\/p>\n","protected":false},"author":1,"featured_media":0,"parent":0,"menu_order":0,"comment_status":"closed","ping_status":"closed","template":"page-landing.php","meta":{"_acf_changed":false,"footnotes":""},"class_list":["post-53","page","type-page","status-publish","hentry"],"acf":[],"yoast_head":"<!-- This site is optimized with the Yoast SEO plugin v26.4 - https:\/\/yoast.com\/wordpress\/plugins\/seo\/ -->\n<title>LI\u00caN H\u1ec6 | \u0110\u1ed1i v\u1edbi b\u1eefa tr\u01b0a v\u00e0 b\u1eefa t\u1ed1i \u1edf Naha, ch\u00fang t\u00f4i khuy\u00ean b\u1ea1n n\u00ean \u0111\u1ebfn nh\u00e0 h\u00e0ng ch\u00ednh th\u1ee9c t\u1ea1i RYUBO FOOD HALL<\/title>\n<meta name=\"robots\" content=\"index, follow, max-snippet:-1, max-image-preview:large, max-video-preview:-1\" \/>\n<link rel=\"canonical\" href=\"https:\/\/ryubofoodhall.jp\/vi\/contact\/\" \/>\n<meta property=\"og:locale\" content=\"vi_VN\" \/>\n<meta property=\"og:type\" content=\"article\" \/>\n<meta property=\"og:title\" content=\"LI\u00caN H\u1ec6 | \u0110\u1ed1i v\u1edbi b\u1eefa tr\u01b0a v\u00e0 b\u1eefa t\u1ed1i \u1edf Naha, ch\u00fang t\u00f4i khuy\u00ean b\u1ea1n n\u00ean \u0111\u1ebfn nh\u00e0 h\u00e0ng ch\u00ednh th\u1ee9c t\u1ea1i RYUBO FOOD HALL\" \/>\n<meta property=\"og:description\" content=\"Ch\u00fang t\u00f4i lu\u00f4n hoan ngh\u00eanh c\u00e1c c\u00e2u h\u1ecfi v\u00e0 \u0111\u1eb7t ch\u1ed7 theo nh\u00f3m LI\u00caN H\u1ec6 Ch\u00fang t\u00f4i n\u1ed7 l\u1ef1c m\u1ed7i ng\u00e0y \u0111\u1ec3 n\u00e2ng cao ch\u1ea5t l\u01b0\u1ee3ng d\u1ecbch v\u1ee5, nh\u1eb1m mang \u0111\u1ebfn cho t\u1ea5t c\u1ea3 du kh\u00e1ch kho\u1ea3ng th\u1eddi gian tho\u1ea3i m\u00e1i v\u00e0 th\u00fa v\u1ecb h\u01a1n. N\u1ebfu b\u1ea1n c\u00f3 b\u1ea5t k\u1ef3 th\u1eafc m\u1eafc n\u00e0o v\u1ec1 c\u00e1ch [&hellip;]\" \/>\n<meta property=\"og:url\" content=\"https:\/\/ryubofoodhall.jp\/vi\/contact\/\" \/>\n<meta property=\"og:site_name\" content=\"\u0110\u1ed1i v\u1edbi b\u1eefa tr\u01b0a v\u00e0 b\u1eefa t\u1ed1i \u1edf Naha, ch\u00fang t\u00f4i khuy\u00ean b\u1ea1n n\u00ean \u0111\u1ebfn nh\u00e0 h\u00e0ng ch\u00ednh th\u1ee9c t\u1ea1i RYUBO FOOD HALL\" \/>\n<meta name=\"twitter:card\" content=\"summary_large_image\" \/>\n<meta name=\"twitter:label1\" content=\"\u01af\u1edbc t\u00ednh th\u1eddi gian \u0111\u1ecdc\" \/>\n\t<meta name=\"twitter:data1\" content=\"1 ph\u00fat\" \/>\n<script type=\"application\/ld+json\" class=\"yoast-schema-graph\">{\"@context\":\"https:\/\/schema.org\",\"@graph\":[{\"@type\":\"WebPage\",\"@id\":\"https:\/\/ryubofoodhall.jp\/vi\/contact\/\",\"url\":\"https:\/\/ryubofoodhall.jp\/vi\/contact\/\",\"name\":\"LI\u00caN H\u1ec6 | \u0110\u1ed1i v\u1edbi b\u1eefa tr\u01b0a v\u00e0 b\u1eefa t\u1ed1i \u1edf Naha, ch\u00fang t\u00f4i khuy\u00ean b\u1ea1n n\u00ean \u0111\u1ebfn nh\u00e0 h\u00e0ng ch\u00ednh th\u1ee9c t\u1ea1i RYUBO FOOD HALL\",\"isPartOf\":{\"@id\":\"https:\/\/ryubofoodhall.jp\/vi\/#website\"},\"datePublished\":\"2025-10-03T03:38:46+00:00\",\"breadcrumb\":{\"@id\":\"https:\/\/ryubofoodhall.jp\/vi\/contact\/#breadcrumb\"},\"inLanguage\":\"vi\",\"potentialAction\":[{\"@type\":\"ReadAction\",\"target\":[\"https:\/\/ryubofoodhall.jp\/vi\/contact\/\"]}]},{\"@type\":\"BreadcrumbList\",\"@id\":\"https:\/\/ryubofoodhall.jp\/vi\/contact\/#breadcrumb\",\"itemListElement\":[{\"@type\":\"ListItem\",\"position\":1,\"name\":\"\u30db\u30fc\u30e0\",\"item\":\"https:\/\/ryubofoodhall.jp\/vi\/\"},{\"@type\":\"ListItem\",\"position\":2,\"name\":\"LI\u00caN H\u1ec6\"}]},{\"@type\":\"WebSite\",\"@id\":\"https:\/\/ryubofoodhall.jp\/vi\/#website\",\"url\":\"https:\/\/ryubofoodhall.jp\/vi\/\",\"name\":\"\u0110\u1ed1i v\u1edbi b\u1eefa tr\u01b0a v\u00e0 b\u1eefa t\u1ed1i \u1edf Naha, ch\u00fang t\u00f4i khuy\u00ean b\u1ea1n n\u00ean \u0111\u1ebfn nh\u00e0 h\u00e0ng ch\u00ednh th\u1ee9c t\u1ea1i RYUBO FOOD HALL\",\"description\":\"\u90a3\u8987\u306e\u30e9\u30f3\u30c1\u30fb\u30c7\u30a3\u30ca\u30fc\u306fRYUBO FOOD HALL\u3002\u4e2d\u83ef\u3001\u548c\u98df\u3001\u30a4\u30bf\u30ea\u30a2\u30f3\u3001\u30b9\u30da\u30a4\u30f3\u6599\u7406\u3001\u30cf\u30f3\u30d0\u30fc\u30ac\u30fc\u3001\u30af\u30e9\u30d5\u30c8\u30d3\u30fc\u30eb\u3001\u30b9\u30a4\u30fc\u30c4\u306e7\u5c02\u9580\u5e97\u3002\u770c\u5e81\u524d\u99c5\u76f4\u7d50\u3001\u30d1\u30ec\u30c3\u30c8\u304f\u3082\u30582F\u3002\",\"potentialAction\":[{\"@type\":\"SearchAction\",\"target\":{\"@type\":\"EntryPoint\",\"urlTemplate\":\"https:\/\/ryubofoodhall.jp\/vi\/?s={search_term_string}\"},\"query-input\":{\"@type\":\"PropertyValueSpecification\",\"valueRequired\":true,\"valueName\":\"search_term_string\"}}],\"inLanguage\":\"vi\"}]}<\/script>\n<!-- \/ Yoast SEO plugin. -->","yoast_head_json":{"title":"LI\u00caN H\u1ec6 | \u0110\u1ed1i v\u1edbi b\u1eefa tr\u01b0a v\u00e0 b\u1eefa t\u1ed1i \u1edf Naha, ch\u00fang t\u00f4i khuy\u00ean b\u1ea1n n\u00ean \u0111\u1ebfn nh\u00e0 h\u00e0ng ch\u00ednh th\u1ee9c t\u1ea1i RYUBO FOOD HALL","robots":{"index":"index","follow":"follow","max-snippet":"max-snippet:-1","max-image-preview":"max-image-preview:large","max-video-preview":"max-video-preview:-1"},"canonical":"https:\/\/ryubofoodhall.jp\/vi\/contact\/","og_locale":"vi_VN","og_type":"article","og_title":"LI\u00caN H\u1ec6 | \u0110\u1ed1i v\u1edbi b\u1eefa tr\u01b0a v\u00e0 b\u1eefa t\u1ed1i \u1edf Naha, ch\u00fang t\u00f4i khuy\u00ean b\u1ea1n n\u00ean \u0111\u1ebfn nh\u00e0 h\u00e0ng ch\u00ednh th\u1ee9c t\u1ea1i RYUBO FOOD HALL","og_description":"Ch\u00fang t\u00f4i lu\u00f4n hoan ngh\u00eanh c\u00e1c c\u00e2u h\u1ecfi v\u00e0 \u0111\u1eb7t ch\u1ed7 theo nh\u00f3m LI\u00caN H\u1ec6 Ch\u00fang t\u00f4i n\u1ed7 l\u1ef1c m\u1ed7i ng\u00e0y \u0111\u1ec3 n\u00e2ng cao ch\u1ea5t l\u01b0\u1ee3ng d\u1ecbch v\u1ee5, nh\u1eb1m mang \u0111\u1ebfn cho t\u1ea5t c\u1ea3 du kh\u00e1ch kho\u1ea3ng th\u1eddi gian tho\u1ea3i m\u00e1i v\u00e0 th\u00fa v\u1ecb h\u01a1n. N\u1ebfu b\u1ea1n c\u00f3 b\u1ea5t k\u1ef3 th\u1eafc m\u1eafc n\u00e0o v\u1ec1 c\u00e1ch [&hellip;]","og_url":"https:\/\/ryubofoodhall.jp\/vi\/contact\/","og_site_name":"\u0110\u1ed1i v\u1edbi b\u1eefa tr\u01b0a v\u00e0 b\u1eefa t\u1ed1i \u1edf Naha, ch\u00fang t\u00f4i khuy\u00ean b\u1ea1n n\u00ean \u0111\u1ebfn nh\u00e0 h\u00e0ng ch\u00ednh th\u1ee9c t\u1ea1i RYUBO FOOD HALL","twitter_card":"summary_large_image","twitter_misc":{"\u01af\u1edbc t\u00ednh th\u1eddi gian \u0111\u1ecdc":"1 ph\u00fat"},"schema":{"@context":"https:\/\/schema.org","@graph":[{"@type":"WebPage","@id":"https:\/\/ryubofoodhall.jp\/vi\/contact\/","url":"https:\/\/ryubofoodhall.jp\/vi\/contact\/","name":"LI\u00caN H\u1ec6 | \u0110\u1ed1i v\u1edbi b\u1eefa tr\u01b0a v\u00e0 b\u1eefa t\u1ed1i \u1edf Naha, ch\u00fang t\u00f4i khuy\u00ean b\u1ea1n n\u00ean \u0111\u1ebfn nh\u00e0 h\u00e0ng ch\u00ednh th\u1ee9c t\u1ea1i RYUBO FOOD HALL","isPartOf":{"@id":"https:\/\/ryubofoodhall.jp\/vi\/#website"},"datePublished":"2025-10-03T03:38:46+00:00","breadcrumb":{"@id":"https:\/\/ryubofoodhall.jp\/vi\/contact\/#breadcrumb"},"inLanguage":"vi","potentialAction":[{"@type":"ReadAction","target":["https:\/\/ryubofoodhall.jp\/vi\/contact\/"]}]},{"@type":"BreadcrumbList","@id":"https:\/\/ryubofoodhall.jp\/vi\/contact\/#breadcrumb","itemListElement":[{"@type":"ListItem","position":1,"name":"\u30db\u30fc\u30e0","item":"https:\/\/ryubofoodhall.jp\/vi\/"},{"@type":"ListItem","position":2,"name":"LI\u00caN H\u1ec6"}]},{"@type":"WebSite","@id":"https:\/\/ryubofoodhall.jp\/vi\/#website","url":"https:\/\/ryubofoodhall.jp\/vi\/","name":"\u0110\u1ed1i v\u1edbi b\u1eefa tr\u01b0a v\u00e0 b\u1eefa t\u1ed1i \u1edf Naha, ch\u00fang t\u00f4i khuy\u00ean b\u1ea1n n\u00ean \u0111\u1ebfn nh\u00e0 h\u00e0ng ch\u00ednh th\u1ee9c t\u1ea1i RYUBO FOOD HALL","description":"\u90a3\u8987\u306e\u30e9\u30f3\u30c1\u30fb\u30c7\u30a3\u30ca\u30fc\u306fRYUBO FOOD HALL\u3002\u4e2d\u83ef\u3001\u548c\u98df\u3001\u30a4\u30bf\u30ea\u30a2\u30f3\u3001\u30b9\u30da\u30a4\u30f3\u6599\u7406\u3001\u30cf\u30f3\u30d0\u30fc\u30ac\u30fc\u3001\u30af\u30e9\u30d5\u30c8\u30d3\u30fc\u30eb\u3001\u30b9\u30a4\u30fc\u30c4\u306e7\u5c02\u9580\u5e97\u3002\u770c\u5e81\u524d\u99c5\u76f4\u7d50\u3001\u30d1\u30ec\u30c3\u30c8\u304f\u3082\u30582F\u3002","potentialAction":[{"@type":"SearchAction","target":{"@type":"EntryPoint","urlTemplate":"https:\/\/ryubofoodhall.jp\/vi\/?s={search_term_string}"},"query-input":{"@type":"PropertyValueSpecification","valueRequired":true,"valueName":"search_term_string"}}],"inLanguage":"vi"}]}},"_links":{"self":[{"href":"https:\/\/ryubofoodhall.jp\/vi\/wp-json\/wp\/v2\/pages\/53","targetHints":{"allow":["GET"]}}],"collection":[{"href":"https:\/\/ryubofoodhall.jp\/vi\/wp-json\/wp\/v2\/pages"}],"about":[{"href":"https:\/\/ryubofoodhall.jp\/vi\/wp-json\/wp\/v2\/types\/page"}],"author":[{"embeddable":true,"href":"https:\/\/ryubofoodhall.jp\/vi\/wp-json\/wp\/v2\/users\/1"}],"replies":[{"embeddable":true,"href":"https:\/\/ryubofoodhall.jp\/vi\/wp-json\/wp\/v2\/comments?post=53"}],"version-history":[{"count":1,"href":"https:\/\/ryubofoodhall.jp\/vi\/wp-json\/wp\/v2\/pages\/53\/revisions"}],"predecessor-version":[{"id":54,"href":"https:\/\/ryubofoodhall.jp\/vi\/wp-json\/wp\/v2\/pages\/53\/revisions\/54"}],"wp:attachment":[{"href":"https:\/\/ryubofoodhall.jp\/vi\/wp-json\/wp\/v2\/media?parent=53"}],"curies":[{"name":"wp","href":"https:\/\/api.w.org\/{rel}","templated":true}]}}